{"id":39,"date":"2017-02-20T21:18:27","date_gmt":"2017-02-20T21:18:27","guid":{"rendered":"http:\/\/kinderbuch.blog\/?page_id=39"},"modified":"2021-11-12T20:08:47","modified_gmt":"2021-11-12T20:08:47","slug":"ueber-mich","status":"publish","type":"page","link":"https:\/\/kinderbuch.blog\/?page_id=39","title":{"rendered":"\u00dcber mich"},"content":{"rendered":"<p><img loading=\"lazy\" class=\"size-medium wp-image-594 alignleft\" src=\"http:\/\/kinderbuch.blog\/wp-content\/uploads\/2017\/02\/Aktuelles-Portr\u00e4t-300x225.jpg\" alt=\"\" width=\"300\" height=\"225\" \/>\u201eEin Buch ist wie ein Garten, den man in der Tasche tr\u00e4gt\u201c, sagt ein arabisches Sprichwort. Meine G\u00e4rten, das sind das Mumintal, die Zauberschule Hogwarts, der Friedhof des kleinen Vampirs oder Charlies Schokoladenfabrik.<\/p>\n<p>Seitdem ich lesen kann, lese ich Kinderb\u00fccher und viele B\u00fccher einfach immer wieder. Paul Hazard schrieb 1932 \u201eKinder haben ein untr\u00fcgliches Gef\u00fchl f\u00fcr Qualit\u00e4t.\u201c Und tats\u00e4chlich gab es in meiner Kindheit B\u00fccher, die mich bereits auf der ersten Seite in ihren Bann zogen. Auch heute lese ich Klassiker wie Ronja R\u00e4ubertochter oder den kleinen Hobbit immer wieder mit Genuss. Daher m\u00f6chte ich mich in meinem Blog zun\u00e4chst den Klassikern der Kinderbuchliteratur widmen. Auch m\u00f6chte ich eine \u00dcbersicht \u00fcber das Werk meiner Lieblingsautoren der Vergangenheit und Gegenwart pr\u00e4sentieren. Hier habe ich noch einige Arbeit vor mir \ud83d\ude42<\/p>\n<p>Am Rande:<\/p>\n<p>Ich hei\u00dfe Mirjam, bin 40 Jahre alt und lebe mit meinem Mann und meinen drei Kindern bei Bad Salzdetfurth in Niedersachsen. Ich betreibe diesen Blog seit 2017 nach der Anregung und Ermutigung meiner Freundinnen Annika und Julia.<\/p>\n<p>&nbsp;<\/p>\n","protected":false},"excerpt":{"rendered":"<p>\u201eEin Buch ist wie ein Garten, den man in der Tasche tr\u00e4gt\u201c, sagt ein arabisches Sprichwort. Meine G\u00e4rten, das sind das Mumintal, die Zauberschule Hogwarts, der Friedhof des kleinen Vampirs oder Charlies Schokoladenfabrik. Seitdem ich lesen kann, lese ich Kinderb\u00fccher und viele B\u00fccher einfach immer wieder. Paul Hazard schrieb 1932 \u201eKinder haben ein untr\u00fcgliches Gef\u00fchl f\u00fcr Qualit\u00e4t.\u201c Und tats\u00e4chlich gab [&#8230;]<\/p>\n","protected":false},"author":1,"featured_media":0,"parent":0,"menu_order":0,"comment_status":"closed","ping_status":"closed","template":"","meta":[],"_links":{"self":[{"href":"https:\/\/kinderbuch.blog\/index.php?rest_route=\/wp\/v2\/pages\/39"}],"collection":[{"href":"https:\/\/kinderbuch.blog\/index.php?rest_route=\/wp\/v2\/pages"}],"about":[{"href":"https:\/\/kinderbuch.blog\/index.php?rest_route=\/wp\/v2\/types\/page"}],"author":[{"embeddable":true,"href":"https:\/\/kinderbuch.blog\/index.php?rest_route=\/wp\/v2\/users\/1"}],"replies":[{"embeddable":true,"href":"https:\/\/kinderbuch.blog\/index.php?rest_route=%2Fwp%2Fv2%2Fcomments&post=39"}],"version-history":[{"count":12,"href":"https:\/\/kinderbuch.blog\/index.php?rest_route=\/wp\/v2\/pages\/39\/revisions"}],"predecessor-version":[{"id":1978,"href":"https:\/\/kinderbuch.blog\/index.php?rest_route=\/wp\/v2\/pages\/39\/revisions\/1978"}],"wp:attachment":[{"href":"https:\/\/kinderbuch.blog\/index.php?rest_route=%2Fwp%2Fv2%2Fmedia&parent=39"}],"curies":[{"name":"wp","href":"https:\/\/api.w.org\/{rel}","templated":true}]}}